{"id":1057,"date":"2016-07-16T03:26:23","date_gmt":"2016-07-16T03:26:23","guid":{"rendered":"http:\/\/cyberdata.com.co\/?page_id=1057"},"modified":"2020-09-01T09:15:32","modified_gmt":"2020-09-01T09:15:32","slug":"nosotros","status":"publish","type":"page","link":"https:\/\/martico.com\/spanish\/nosotros\/","title":{"rendered":"Nosotros"},"content":{"rendered":"<div class=\"wpb-content-wrapper\"><p>[vc_row][vc_column][vc_column_text]<span style=\"font-size: 12pt; color: #000000;\">\u00bfQui\u00e9nes somos?<\/span><\/p>\n<p><span style=\"font-size: 12pt; color: #000000;\">MARTICO REEFER SOLUTIONS es una compa\u00f1\u00eda internacional, especialista en el manejo de cualquier tipo de carga a temperatura controlada, refrigerada o congelada. Su servicio abarca cualquier destino a nivel mundial y cubre toda la cadena log\u00edstica por tierra, mar y aire. Cuenta con un contrastado departamento de administraci\u00f3n, asuntos legales y seguros que trabajan 24\/7. Martico cuenta un departamento I+D para estar a la vanguardia del sector log\u00edstico. Los principales productos que transporta son: carnes, frutas y verduras, pescados, as\u00ed como productos perecederos. Los clientes de Martico son empresas grandes, medianas y peque\u00f1as, rel<\/span><\/p>\n<p><span style=\"color: #000000; font-size: 12pt;\">acionadas con la alimentaci\u00f3n. Martico es el socio log\u00edstico perfecto para cualquier empresa de \u00e9xito.<\/span><\/p>\n<p><strong><span style=\"font-size: 12pt; color: #000000;\">HISTORIA<\/span><\/strong><\/p>\n<p>&nbsp;<\/p>\n<p><span style=\"font-size: 12pt; color: #000000;\">El origen de Martico fue sin duda el sue\u00f1o de su fundador Mr Peter Abraham Monsma que fund\u00f3 \u00a0dos empresas consignatarias Martico Bilbao en 1973 y posteriormente Martico Valencia en 1986, imprimiendo en ambas compa\u00f1\u00edas hermanas una vocaci\u00f3n de excelencia en el servicio, fundamentado tanto en el equipo humano que forma la empresa como en una capacidad constante de modernizarse e reinventarse.<\/span><br \/>\n<span style=\"font-size: 12pt; color: #000000;\">Sin duda estos valores fundacionales son los que nos han acompa\u00f1ado en la transformaci\u00f3n de Martico como consignatario de \u00e1mbito local hasta, en nuestro caso, Martico Reefer Solutions como un referente mundial del transporte reefer<\/span><\/p>\n<p><strong><span style=\"font-size: 12pt; color: #000000;\">MISION<\/span><\/strong><br \/>\n<span style=\"font-size: 12pt; color: #000000;\">Desde sus comienzos hasta ahora MARTICO ha venido experimentando una evoluci\u00f3n permanente, gracias a su capacidad de adaptaci\u00f3n a las nuevas formas de mercado y sobre todo a la profesionalidad de sus trabajadores. Nuestra misi\u00f3n principal es la de ofrecer servicios de log\u00edstica 360\u00ba, siempre con unas premisas constantes: \u00a0DAR EL MEJOR SERVICIO DEL MERCADO \u00a0A NUESTROS CLIENTES<\/span><\/p>\n<p><strong><span style=\"font-size: 12pt; color: #000000;\">VISION<\/span><\/strong><br \/>\n<span style=\"font-size: 12pt; color: #000000;\">Somos considerados una compa\u00f1\u00eda de referencia a nivel internacional por nuestro buen hacer constante, por nuestra atenci\u00f3n personalizada y por contar con una de las plantillas de profesionales m\u00e1s preparadas del sector log\u00edstico.<\/span><\/p>\n<p><strong><span style=\"font-size: 12pt; color: #000000;\">VALORES<\/span><\/strong><br \/>\n<span style=\"font-size: 12pt; color: #000000;\">Nuestros principales valores versan en la conjunci\u00f3n de 7 aspectos b\u00e1sicos como son:<\/span><br \/>\n<span style=\"font-size: 12pt; color: #000000;\">1. Mejora constante<\/span><br \/>\n<span style=\"font-size: 12pt; color: #000000;\">2. \u00c9tica empresarial<\/span><br \/>\n<span style=\"font-size: 12pt; color: #000000;\">3. Lealtad hacia nuestros clientes<\/span><br \/>\n<span style=\"font-size: 12pt; color: #000000;\">4. Trabajo conjunto de nuestro equipo<\/span><br \/>\n<span style=\"font-size: 12pt; color: #000000;\">5. Excelencia en nuestros resultados<\/span><br \/>\n<span style=\"font-size: 12pt; color: #000000;\">6. Compromiso con los buenos resultados<\/span><br \/>\n<span style=\"font-size: 12pt; color: #000000;\">7. Responsabilidad social<\/span><\/p>\n<p><strong><span style=\"font-size: 12pt; color: #000000;\">RESPONSABILIDAD SOCIAL<\/span><\/strong><br \/>\n<span style=\"font-size: 12pt; color: #000000;\">Cada d\u00eda m\u00e1s es una realidad que la sociedad mundial exige un equilibrio entre el modelo de desarrollo econ\u00f3mico y un modelo de sostenibilidad (tanto medioambiental, como social). En Martico somos conscientes de ello y estamos comprometidos en la integraci\u00f3n de estrategias y pol\u00edticas sociales (RSC). Desde esta premisa, colaboramos con asociaciones y fundaciones de manera muy activa. Un ejemplo de ellos son:<\/span><\/p>\n<p><strong><span style=\"font-size: 12pt; color: #000000;\">ASINDOWN (<a style=\"color: #000000;\" href=\"http:\/\/www.asindown.org\/\" target=\"_blank\" rel=\"noopener noreferrer\" data-saferedirecturl=\"https:\/\/www.google.com\/url?q=http:\/\/www.asindown.org&amp;source=gmail&amp;ust=1598629342416000&amp;usg=AFQjCNF9tUgcXLEICuFVY4umRp28iPsIeA\">www.asindown.org<\/a>)<\/span><\/strong><\/p>\n<p><strong><span style=\"font-size: 12pt; color: #000000;\">NOVATERRA (<a style=\"color: #000000;\" href=\"https:\/\/www.novaterra.org.es\/\" target=\"_blank\" rel=\"noopener noreferrer\" data-saferedirecturl=\"https:\/\/www.google.com\/url?q=https:\/\/www.novaterra.org.es\/&amp;source=gmail&amp;ust=1598629342416000&amp;usg=AFQjCNF53TQnZTG2-BbH0ydKmfh3qgv0Qg\">https:\/\/www.novaterra.org.es\/<\/a><wbr \/>)<\/span><\/strong><\/p>\n<p><strong><span style=\"font-size: 12pt; color: #000000;\">FUNDACION AYUDA A UNA FAMILIA<\/span><\/strong><\/p>\n<p><strong><span style=\"font-size: 12pt; color: #000000;\">ASOCIACION PARKINSON VALENCIA<\/span><\/strong><\/p>\n<p><strong><span style=\"font-size: 12pt; color: #000000;\">CASA CARIDAD \u00a0VALENCIA<\/span><\/strong><\/p>\n<p><strong><span style=\"font-size: 12pt; color: #000000;\">CERTIFICACI\u00d3N AEO<\/span><\/strong><\/p>\n<p><span style=\"font-size: 12pt; color: #000000;\">Se trata de un estatuto que pueden conseguir los operadores econ\u00f3micos comunitarios al ser considerado por la Uni\u00f3n Europea operadores de confianza en el transcurso de su actividad profesional en materia aduanera. Su objetivo es el de dotar de mayor seguridad a cualquier cadena log\u00edstica internacional cara a luchar contra pr\u00e1cticas comerciales ilegales, contrabandos, tr\u00e1fico de drogas o terrorismo, entre otras.<\/span><br \/>\n<span style=\"font-size: 12pt; color: #000000;\">Martico posee dicha certificaci\u00f3n, y por ello tenemos un acceso m\u00e1s simple, sencillo y directo a toda la administraci\u00f3n y actividad de aduanas.<\/span>[\/vc_column_text][\/vc_column][\/vc_row][vc_row full_width=&#8221;stretch_row&#8221; css=&#8221;.vc_custom_1468639887586{background-color: #f9f9f9 !important;}&#8221; el_class=&#8221;pd-top-100 sm-pd-top-80 pd-bottom-100 sm-pd-bottom-80&#8243;][vc_column][g5plus_partner_carousel layout_style=&#8221;bordered&#8221; background_color=&#8221;bg_white&#8221; images=&#8221;51,52,53,54,55&#8243; custom_links_target=&#8221;&#8221; nav=&#8221;&#8221; dots=&#8221;&#8221;][\/vc_column][\/vc_row]<\/p>\n<\/div>","protected":false},"excerpt":{"rendered":"<p>[vc_row][vc_column][vc_column_text]\u00bfQui\u00e9nes somos? MARTICO REEFER SOLUTIONS es una compa\u00f1\u00eda internacional, especialista en el manejo de cualquier tipo de carga a temperatura controlada, refrigerada o congelada. Su servicio abarca cualquier destino a nivel mundial y cubre toda la cadena log\u00edstica por tierra, mar y aire. Cuenta con un contrastado departamento de administraci\u00f3n, asuntos legales y seguros que [&hellip;]<\/p>\n","protected":false},"author":1,"featured_media":0,"parent":0,"menu_order":0,"comment_status":"closed","ping_status":"closed","template":"","meta":{"inline_featured_image":false,"_monsterinsights_skip_tracking":false,"_monsterinsights_sitenote_active":false,"_monsterinsights_sitenote_note":"","_monsterinsights_sitenote_category":0,"footnotes":""},"class_list":["post-1057","page","type-page","status-publish","hentry"],"_links":{"self":[{"href":"https:\/\/martico.com\/spanish\/wp-json\/wp\/v2\/pages\/1057","targetHints":{"allow":["GET"]}}],"collection":[{"href":"https:\/\/martico.com\/spanish\/wp-json\/wp\/v2\/pages"}],"about":[{"href":"https:\/\/martico.com\/spanish\/wp-json\/wp\/v2\/types\/page"}],"author":[{"embeddable":true,"href":"https:\/\/martico.com\/spanish\/wp-json\/wp\/v2\/users\/1"}],"replies":[{"embeddable":true,"href":"https:\/\/martico.com\/spanish\/wp-json\/wp\/v2\/comments?post=1057"}],"version-history":[{"count":8,"href":"https:\/\/martico.com\/spanish\/wp-json\/wp\/v2\/pages\/1057\/revisions"}],"predecessor-version":[{"id":12699,"href":"https:\/\/martico.com\/spanish\/wp-json\/wp\/v2\/pages\/1057\/revisions\/12699"}],"wp:attachment":[{"href":"https:\/\/martico.com\/spanish\/wp-json\/wp\/v2\/media?parent=1057"}],"curies":[{"name":"wp","href":"https:\/\/api.w.org\/{rel}","templated":true}]}}