{"id":13087,"date":"2020-09-23T13:09:09","date_gmt":"2020-09-23T13:09:09","guid":{"rendered":"https:\/\/martico.info\/?page_id=13087"},"modified":"2024-10-16T12:19:23","modified_gmt":"2024-10-16T10:19:23","slug":"types-of-cargo","status":"publish","type":"page","link":"https:\/\/martico.com\/spanish\/types-of-cargo\/","title":{"rendered":"TIPOS DE CARGA"},"content":{"rendered":"<div class=\"wpb-content-wrapper\"><p>[vc_row][vc_column][vc_empty_space][vc_empty_space][\/vc_column][\/vc_row][vc_row full_width=&#8221;stretch_row_content&#8221;][vc_column width=&#8221;1\/4&#8243;][vc_empty_space][\/vc_column][vc_column width=&#8221;1\/4&#8243;][vc_column_text]<\/p>\n<h4 style=\"text-align: center;\"><strong>CARNES<\/strong><\/h4>\n<p style=\"text-align: center;\">Mataderos, salas de despiece, c\u00e1maras frigor\u00edficas, minoristas, distribuidores finales, importadores&#8230; Trabajamos para nuestros clientes en todas las fases de la cadena de producci\u00f3n y comercializaci\u00f3n de la charcuter\u00eda y la carne.<\/p>\n<p>[\/vc_column_text][vc_empty_space][vc_empty_space][vc_single_image image=&#8221;14749&#8243; img_size=&#8221;medium&#8221; alignment=&#8221;center&#8221; css_animation=&#8221;fadeIn&#8221;][vc_empty_space][vc_empty_space][vc_empty_space][vc_column_text]<\/p>\n<h4 style=\"text-align: center;\"><strong>PESCADOS<\/strong><\/h4>\n<p>El transporte de pescado y marisco es complejo, ya que requiere un profundo conocimiento de sus condiciones de almacenamiento. Nuestros profesionales, expertos en estas condiciones, garantizan un transporte seguro.[\/vc_column_text][vc_empty_space][vc_empty_space][vc_single_image image=&#8221;14751&#8243; img_size=&#8221;medium&#8221; alignment=&#8221;center&#8221; css_animation=&#8221;fadeIn&#8221;][vc_empty_space][vc_empty_space][\/vc_column][vc_column width=&#8221;1\/4&#8243;][vc_single_image image=&#8221;14748&#8243; img_size=&#8221;medium&#8221; alignment=&#8221;center&#8221; css_animation=&#8221;fadeIn&#8221;][vc_empty_space][vc_empty_space][vc_column_text]<\/p>\n<h4 style=\"text-align: center;\"><strong>FRUTAS Y VERDURAS<\/strong><\/h4>\n<p style=\"text-align: center;\">El productor de frutas y hortalizas siempre necesita un asesor especializado en su g\u00e9nero. El productor necesita personas atentas y que entiendan su idioma. En MARTICO hay un equipo especializado que gestiona en exclusiva este tipo de carga.<\/p>\n<p>[\/vc_column_text][vc_empty_space][vc_empty_space][vc_single_image image=&#8221;14746&#8243; img_size=&#8221;medium&#8221; alignment=&#8221;center&#8221; css_animation=&#8221;fadeIn&#8221;][vc_empty_space][vc_empty_space][vc_column_text]<\/p>\n<h4 style=\"text-align: center;\"><strong>OTROS\u00a0 PRODUCTOS<\/strong><\/h4>\n<p>Actualmente transportamos una amplia variedad de productos perecederos de diferentes sectores: queso, vino, aceite, etc. Conocemos las normas y reglamentos internacionales establecidos para cada producto.[\/vc_column_text][\/vc_column][vc_column width=&#8221;1\/4&#8243;][vc_empty_space][\/vc_column][\/vc_row]<\/p>\n<\/div>","protected":false},"excerpt":{"rendered":"<p>[vc_row][vc_column][vc_empty_space][vc_empty_space][\/vc_column][\/vc_row][vc_row full_width=&#8221;stretch_row_content&#8221;][vc_column width=&#8221;1\/4&#8243;][vc_empty_space][\/vc_column][vc_column width=&#8221;1\/4&#8243;][vc_column_text] CARNES Mataderos, salas de despiece, c\u00e1maras frigor\u00edficas, minoristas, distribuidores finales, importadores&#8230; Trabajamos para nuestros clientes en todas las fases de la cadena de producci\u00f3n y comercializaci\u00f3n de la charcuter\u00eda y la carne. [\/vc_column_text][vc_empty_space][vc_empty_space][vc_single_image image=&#8221;14749&#8243; img_size=&#8221;medium&#8221; alignment=&#8221;center&#8221; css_animation=&#8221;fadeIn&#8221;][vc_empty_space][vc_empty_space][vc_empty_space][vc_column_text] PESCADOS El transporte de pescado y marisco es complejo, ya que requiere un profundo [&hellip;]<\/p>\n","protected":false},"author":1,"featured_media":0,"parent":0,"menu_order":0,"comment_status":"closed","ping_status":"closed","template":"","meta":{"inline_featured_image":false,"_monsterinsights_skip_tracking":false,"_monsterinsights_sitenote_active":false,"_monsterinsights_sitenote_note":"","_monsterinsights_sitenote_category":0,"footnotes":""},"class_list":["post-13087","page","type-page","status-publish","hentry"],"_links":{"self":[{"href":"https:\/\/martico.com\/spanish\/wp-json\/wp\/v2\/pages\/13087","targetHints":{"allow":["GET"]}}],"collection":[{"href":"https:\/\/martico.com\/spanish\/wp-json\/wp\/v2\/pages"}],"about":[{"href":"https:\/\/martico.com\/spanish\/wp-json\/wp\/v2\/types\/page"}],"author":[{"embeddable":true,"href":"https:\/\/martico.com\/spanish\/wp-json\/wp\/v2\/users\/1"}],"replies":[{"embeddable":true,"href":"https:\/\/martico.com\/spanish\/wp-json\/wp\/v2\/comments?post=13087"}],"version-history":[{"count":17,"href":"https:\/\/martico.com\/spanish\/wp-json\/wp\/v2\/pages\/13087\/revisions"}],"predecessor-version":[{"id":14857,"href":"https:\/\/martico.com\/spanish\/wp-json\/wp\/v2\/pages\/13087\/revisions\/14857"}],"wp:attachment":[{"href":"https:\/\/martico.com\/spanish\/wp-json\/wp\/v2\/media?parent=13087"}],"curies":[{"name":"wp","href":"https:\/\/api.w.org\/{rel}","templated":true}]}}