{"id":13090,"date":"2020-09-23T13:20:23","date_gmt":"2020-09-23T13:20:23","guid":{"rendered":"https:\/\/martico.info\/?page_id=13090"},"modified":"2024-10-16T11:50:49","modified_gmt":"2024-10-16T09:50:49","slug":"marticoinfo","status":"publish","type":"page","link":"https:\/\/martico.com\/spanish\/marticoinfo\/","title":{"rendered":"Martico"},"content":{"rendered":"<div class=\"wpb-content-wrapper\"><p>[vc_row][vc_column][vc_empty_space][g5plus_heading title=&#8221;MARTICO&#8221; sub_title=&#8221;MARTICO REEFER SOLUTIONS&#8221;][vc_column_text css=&#8221;.vc_custom_1729071983881{margin-top: -30px !important;}&#8221;]<strong>MARTICO REEFER SOLUTIONS<\/strong> es una empresa internacional especializada en la manipulaci\u00f3n de todo tipo de carga a temperatura controlada. Nuestros servicios abarcan cualquier destino del mundo y cubren todas las etapas de la cadena log\u00edstica, por tierra, mar y aire. Contamos con Departamentos Administrativos, de Gesti\u00f3n de Seguros y de Asesor\u00eda Jur\u00eddica dedicados que trabajan 24 horas al d\u00eda, 7 d\u00edas a la semana. MARTICO cuenta adem\u00e1s con un Departamento de I+D que le sit\u00faa a la vanguardia de la industria log\u00edstica. Los principales productos que transportamos son: carne, frutas y verduras y pescado, as\u00ed como productos perecederos. Los clientes de MARTICO son grandes, medianas y peque\u00f1as empresas relacionadas con la alimentaci\u00f3n. MARTICO es el socio log\u00edstico perfecto para cualquier empresa de \u00e9xito.[\/vc_column_text][\/vc_column][\/vc_row][vc_row css=&#8221;.vc_custom_1468576813213{margin-top: 100px !important;}&#8221; el_class=&#8221;mg-bottom-100 sm-mg-bottom-80&#8243;][vc_column el_class=&#8221;sm-mg-bottom-30&#8243; offset=&#8221;vc_col-md-6&#8243;][g5plus_heading title=&#8221;HISTORIA&#8221; sub_title=&#8221;BREVE HISTORIA DE MARTICO&#8221;][vc_column_text css=&#8221;.vc_custom_1729072073656{margin-bottom: 35px !important;}&#8221;]El origen de <strong>MARTICO<\/strong> fue sin duda, la visi\u00f3n de su fundador,<strong> D. Peter Abraham Monsma<\/strong>. El <strong>Sr. Monsma<\/strong> cre\u00f3 dos agencias mar\u00edtimas, <strong>MARTICO Bilbao<\/strong> en 1973 y m\u00e1s tarde <strong>MARTICO Valencia<\/strong> en 1986. En estas dos empresas hermanas inculc\u00f3 un fuerte compromiso con la excelencia en el servicio. Ello se ha cimentado tanto en la capacidad de la empresa para modernizarse y reinventarse constantemente como en el equipo humano que la conforma.<\/p>\n<p>Sin duda, estos valores fundacionales nos han acompa\u00f1ado durante la transformaci\u00f3n de <strong>MARTICO<\/strong>, que ha pasado de ser una naviera local a <strong>MARTICO REEFER SOLUTIONS<\/strong>, l\u00edder mundial en transporte frigor\u00edfico.[\/vc_column_text][\/vc_column][vc_column offset=&#8221;vc_col-md-6&#8243;][vc_row_inner][vc_column_inner width=&#8221;1\/2&#8243; offset=&#8221;vc_col-xs-6&#8243;][g5plus_services_creative services_bg_image=&#8221;2133&#8243; item_height=&#8221;550&#8243; title=&#8221;History&#8221; icon_font=&#8221;&#8221;][\/vc_column_inner][vc_column_inner width=&#8221;1\/2&#8243; offset=&#8221;vc_col-xs-6&#8243;][vc_single_image image=&#8221;13212&#8243; img_size=&#8221;300&#215;300&#8243; el_class=&#8221;all-width-100&#8243;][vc_empty_space height=&#8221;10&#8243;][vc_single_image image=&#8221;13213&#8243; img_size=&#8221;300&#215;300&#8243; alignment=&#8221;center&#8221; css=&#8221;.vc_custom_1601012873797{margin-bottom: 30px !important;}&#8221; el_class=&#8221;all-width-100&#8243;][\/vc_column_inner][\/vc_row_inner][\/vc_column][\/vc_row][vc_row css=&#8221;.vc_custom_1600946123877{margin-top: -90px !important;}&#8221;][vc_column width=&#8221;1\/3&#8243;][vc_separator color=&#8221;sky&#8221; css=&#8221;.vc_custom_1600945583516{margin-top: 200px !important;}&#8221;][\/vc_column][vc_column css_animation=&#8221;bounceInDown&#8221; width=&#8221;1\/3&#8243;][vc_single_image image=&#8221;13120&#8243; img_size=&#8221;400&#215;400&#8243; alignment=&#8221;center&#8221;][\/vc_column][vc_column width=&#8221;1\/3&#8243;][vc_separator color=&#8221;sky&#8221; css=&#8221;.vc_custom_1600945604805{margin-top: 200px !important;}&#8221;][\/vc_column][\/vc_row][vc_row][vc_column][vc_empty_space height=&#8221;20px&#8221;][\/vc_column][\/vc_row][vc_row][vc_column width=&#8221;1\/3&#8243;][vc_empty_space][\/vc_column][vc_column width=&#8221;1\/3&#8243;][vc_empty_space height=&#8221;20px&#8221;][vc_single_image image=&#8221;13122&#8243; img_size=&#8221;medium&#8221; alignment=&#8221;center&#8221;][vc_empty_space height=&#8221;20px&#8221;][vc_column_text]<\/p>\n<h4 style=\"text-align: center;\"><strong>MISION<\/strong><\/h4>\n<p style=\"text-align: center;\">Desde sus inicios, <strong>MARTICO<\/strong> siempre ha estado en constante evoluci\u00f3n gracias a su capacidad de adaptaci\u00f3n a las nuevas formas del mercado y, sobre todo, a la profesionalidad de sus trabajadores. Nuestra principal misi\u00f3n es ofrecer un servicio log\u00edstico 360\u00ba, siempre con el mismo objetivo <strong>DAR A NUESTROS CLIENTES EL MEJOR SERVICIO DISPONIBLE EN EL MERCADO.<\/strong><\/p>\n<p>[\/vc_column_text][vc_empty_space height=&#8221;20px&#8221;][vc_single_image image=&#8221;13123&#8243; img_size=&#8221;medium&#8221; alignment=&#8221;center&#8221;][vc_empty_space height=&#8221;20px&#8221;][vc_column_text]<\/p>\n<h4 style=\"text-align: center;\"><strong>VISION<\/strong><\/h4>\n<p style=\"text-align: center;\">Somos considerados un referente internacional por nuestro buen hacer constante, nuestro servicio personalizado y por contar con una de las plantillas m\u00e1s profesionales del sector log\u00edstico<\/p>\n<p>[\/vc_column_text][\/vc_column][vc_column width=&#8221;1\/3&#8243;][vc_empty_space][\/vc_column][\/vc_row][vc_row][vc_column][vc_empty_space][vc_empty_space][vc_empty_space height=&#8221;20px&#8221;][vc_single_image image=&#8221;13126&#8243; img_size=&#8221;full&#8221; alignment=&#8221;center&#8221;][vc_empty_space height=&#8221;20px&#8221;][vc_column_text]<\/p>\n<h4 style=\"text-align: center;\"><strong>VALORES<\/strong><\/h4>\n<p style=\"text-align: center;\">Nuestros principales valores giran en torno a estos 7 puntos b\u00e1sicos:<\/p>\n<table class=\" aligncenter\" style=\"border-collapse: collapse; width: 43.7421%; height: 109px;\">\n<tbody>\n<tr style=\"height: 109px;\">\n<td style=\"width: 23.1438%; height: 109px;\">\n<ul style=\"list-style-type: circle;\">\n<li>Mejora constante<\/li>\n<li>Etica empresarial<\/li>\n<li>Lealtal con nuestros clientes<\/li>\n<li>Trabajo en equipo<\/li>\n<\/ul>\n<\/td>\n<td style=\"width: 20.6161%; height: 109px;\">\n<ul style=\"list-style-type: circle;\">\n<li>Excelente rendimiento<\/li>\n<li>Decidicaci\u00f3n<\/li>\n<li>Responsabilidad social<\/li>\n<\/ul>\n<\/td>\n<\/tr>\n<\/tbody>\n<\/table>\n<p>[\/vc_column_text][vc_empty_space height=&#8221;20px&#8221;][\/vc_column][\/vc_row]<\/p>\n<\/div>","protected":false},"excerpt":{"rendered":"<p>[vc_row][vc_column][vc_empty_space][g5plus_heading title=&#8221;MARTICO&#8221; sub_title=&#8221;MARTICO REEFER SOLUTIONS&#8221;][vc_column_text css=&#8221;.vc_custom_1729071983881{margin-top: -30px !important;}&#8221;]MARTICO REEFER SOLUTIONS es una empresa internacional especializada en la manipulaci\u00f3n de todo tipo de carga a temperatura controlada. Nuestros servicios abarcan cualquier destino del mundo y cubren todas las etapas de la cadena log\u00edstica, por tierra, mar y aire. Contamos con Departamentos Administrativos, de Gesti\u00f3n de Seguros [&hellip;]<\/p>\n","protected":false},"author":1,"featured_media":0,"parent":0,"menu_order":0,"comment_status":"closed","ping_status":"closed","template":"","meta":{"inline_featured_image":false,"_monsterinsights_skip_tracking":false,"_monsterinsights_sitenote_active":false,"_monsterinsights_sitenote_note":"","_monsterinsights_sitenote_category":0,"footnotes":""},"class_list":["post-13090","page","type-page","status-publish","hentry"],"_links":{"self":[{"href":"https:\/\/martico.com\/spanish\/wp-json\/wp\/v2\/pages\/13090","targetHints":{"allow":["GET"]}}],"collection":[{"href":"https:\/\/martico.com\/spanish\/wp-json\/wp\/v2\/pages"}],"about":[{"href":"https:\/\/martico.com\/spanish\/wp-json\/wp\/v2\/types\/page"}],"author":[{"embeddable":true,"href":"https:\/\/martico.com\/spanish\/wp-json\/wp\/v2\/users\/1"}],"replies":[{"embeddable":true,"href":"https:\/\/martico.com\/spanish\/wp-json\/wp\/v2\/comments?post=13090"}],"version-history":[{"count":25,"href":"https:\/\/martico.com\/spanish\/wp-json\/wp\/v2\/pages\/13090\/revisions"}],"predecessor-version":[{"id":14850,"href":"https:\/\/martico.com\/spanish\/wp-json\/wp\/v2\/pages\/13090\/revisions\/14850"}],"wp:attachment":[{"href":"https:\/\/martico.com\/spanish\/wp-json\/wp\/v2\/media?parent=13090"}],"curies":[{"name":"wp","href":"https:\/\/api.w.org\/{rel}","templated":true}]}}