{"id":13165,"date":"2020-09-24T17:03:13","date_gmt":"2020-09-24T17:03:13","guid":{"rendered":"https:\/\/martico.info\/?page_id=13165"},"modified":"2024-10-16T11:59:00","modified_gmt":"2024-10-16T09:59:00","slug":"foundation","status":"publish","type":"page","link":"https:\/\/martico.com\/spanish\/foundation\/","title":{"rendered":"CORPORATE SOCIAL RESPONSIBILITY"},"content":{"rendered":"<div class=\"wpb-content-wrapper\"><p>[vc_row][vc_column][vc_empty_space height=&#8221;90px&#8221;][g5plus_heading align=&#8221;center&#8221; title=&#8221;RESPONSABILIDAD SOCIAL DE LAS EMPRESAS&#8221;][vc_column_text]Cada vez es m\u00e1s una realidad que la comunidad mundial necesita un equilibrio entre el desarrollo econ\u00f3mico y la sostenibilidad (tanto medioambiental como social). En MARTICO somos conscientes de ello y apostamos por la integraci\u00f3n de estrategias y pol\u00edticas sociales (RSC). Sobre esta base, aqu\u00ed en Valencia, colaboramos y participamos activamente con asociaciones y fundaciones entre las que se incluyen:[\/vc_column_text][\/vc_column][\/vc_row][vc_row][vc_column][vc_masonry_grid post_type=&#8221;post&#8221; max_items=&#8221;10&#8243; grid_id=&#8221;vc_gid:1729072685130-66d5772a638dbc2844e9bca9475b3855-5&#8243;][\/vc_column][\/vc_row]<\/p>\n<\/div>","protected":false},"excerpt":{"rendered":"<p>[vc_row][vc_column][vc_empty_space height=&#8221;90px&#8221;][g5plus_heading align=&#8221;center&#8221; title=&#8221;RESPONSABILIDAD SOCIAL DE LAS EMPRESAS&#8221;][vc_column_text]Cada vez es m\u00e1s una realidad que la comunidad mundial necesita un equilibrio entre el desarrollo econ\u00f3mico y la sostenibilidad (tanto medioambiental como social). En MARTICO somos conscientes de ello y apostamos por la integraci\u00f3n de estrategias y pol\u00edticas sociales (RSC). Sobre esta base, aqu\u00ed en Valencia, colaboramos [&hellip;]<\/p>\n","protected":false},"author":1,"featured_media":0,"parent":0,"menu_order":0,"comment_status":"closed","ping_status":"closed","template":"","meta":{"inline_featured_image":false,"_monsterinsights_skip_tracking":false,"_monsterinsights_sitenote_active":false,"_monsterinsights_sitenote_note":"","_monsterinsights_sitenote_category":0,"footnotes":""},"class_list":["post-13165","page","type-page","status-publish","hentry"],"_links":{"self":[{"href":"https:\/\/martico.com\/spanish\/wp-json\/wp\/v2\/pages\/13165","targetHints":{"allow":["GET"]}}],"collection":[{"href":"https:\/\/martico.com\/spanish\/wp-json\/wp\/v2\/pages"}],"about":[{"href":"https:\/\/martico.com\/spanish\/wp-json\/wp\/v2\/types\/page"}],"author":[{"embeddable":true,"href":"https:\/\/martico.com\/spanish\/wp-json\/wp\/v2\/users\/1"}],"replies":[{"embeddable":true,"href":"https:\/\/martico.com\/spanish\/wp-json\/wp\/v2\/comments?post=13165"}],"version-history":[{"count":14,"href":"https:\/\/martico.com\/spanish\/wp-json\/wp\/v2\/pages\/13165\/revisions"}],"predecessor-version":[{"id":14853,"href":"https:\/\/martico.com\/spanish\/wp-json\/wp\/v2\/pages\/13165\/revisions\/14853"}],"wp:attachment":[{"href":"https:\/\/martico.com\/spanish\/wp-json\/wp\/v2\/media?parent=13165"}],"curies":[{"name":"wp","href":"https:\/\/api.w.org\/{rel}","templated":true}]}}