{"id":14880,"date":"2025-04-04T19:08:36","date_gmt":"2025-04-04T17:08:36","guid":{"rendered":"https:\/\/martico.com\/spanish\/?page_id=14880"},"modified":"2025-04-04T19:08:36","modified_gmt":"2025-04-04T17:08:36","slug":"privacidad","status":"publish","type":"page","link":"https:\/\/martico.com\/spanish\/privacidad\/","title":{"rendered":"Pol\u00edtica de cookies"},"content":{"rendered":"<div class=\"cli_pg_page_container\">\n<h3>Acerca de esta pol\u00edtica de cookies<\/h3>\n<div>\n<h3 class=\"\" data-start=\"74\" data-end=\"247\">En Espa\u00f1a y el resto de Europa, existen normativas de protecci\u00f3n de datos dise\u00f1adas para proteger tu informaci\u00f3n personal, con las cuales, como empresa, debemos cumplir.<\/h3>\n<p class=\"\" data-start=\"249\" data-end=\"356\">Por eso, es importante para nosotros que entiendas claramente qu\u00e9 hacemos con los datos que te solicitamos.<\/p>\n<p class=\"\" data-start=\"358\" data-end=\"558\">Seremos transparentes y nos aseguraremos de que tengas control sobre tus datos, utilizando un lenguaje sencillo y opciones claras que te permitan decidir qu\u00e9 podemos hacer con tu informaci\u00f3n personal.<\/p>\n<p class=\"\" data-start=\"560\" data-end=\"665\">Si despu\u00e9s de leer esta informaci\u00f3n algo no te queda claro, no dudes en ponerte en contacto con nosotros.<\/p>\n<p class=\"\" data-start=\"667\" data-end=\"695\">Gracias por tu colaboraci\u00f3n.<\/p>\n<hr class=\"\" data-start=\"697\" data-end=\"700\" \/>\n<h3 class=\"\" data-start=\"702\" data-end=\"721\">\u00bfQui\u00e9nes somos?<\/h3>\n<p class=\"\" data-start=\"722\" data-end=\"1050\"><strong data-start=\"722\" data-end=\"747\">Nombre de la empresa:<\/strong> MARTICO VALENCIA, S.L<br data-start=\"769\" data-end=\"772\" \/><strong data-start=\"772\" data-end=\"784\">CIF\/NIF:<\/strong> B46349494<br data-start=\"794\" data-end=\"797\" \/><strong data-start=\"797\" data-end=\"821\">Actividad principal:<\/strong> Transitario<br data-start=\"833\" data-end=\"836\" \/><strong data-start=\"836\" data-end=\"850\">Direcci\u00f3n:<\/strong> Paseo de la Alameda 34, 5\u00ba A, CP 46023, Valencia (Valencia\/Val\u00e8ncia)<br data-start=\"919\" data-end=\"922\" \/><strong data-start=\"922\" data-end=\"935\">Tel\u00e9fono:<\/strong> 963674013<br data-start=\"945\" data-end=\"948\" \/><strong data-start=\"948\" data-end=\"971\">Correo electr\u00f3nico:<\/strong> <a class=\"cursor-pointer\" rel=\"noopener\" data-start=\"972\" data-end=\"988\">rrhh@martico.com<\/a><br data-start=\"988\" data-end=\"991\" \/><strong data-start=\"991\" data-end=\"1005\">Sitio web:<\/strong> <a class=\"\" href=\"http:\/\/martico.com\/\" target=\"_new\" rel=\"noopener\" data-start=\"1006\" data-end=\"1048\">http:\/\/martico.com\/<\/a><\/p>\n<p class=\"\" data-start=\"1052\" data-end=\"1164\">Para tu tranquilidad y seguridad, estamos inscritos en el siguiente Registro P\u00fablico Espa\u00f1ol\/Registro Mercantil:<\/p>\n<p class=\"\" data-start=\"1166\" data-end=\"1239\">Estamos a tu disposici\u00f3n para lo que necesites. No dudes en contactarnos.<\/p>\n<hr class=\"\" data-start=\"1241\" data-end=\"1244\" \/>\n<h3 class=\"\" data-start=\"1246\" data-end=\"1276\">\u00bfPor qu\u00e9 usamos tus datos?<\/h3>\n<p class=\"\" data-start=\"1278\" data-end=\"1403\">En general, tus datos personales se utilizar\u00e1n para mantener una relaci\u00f3n contigo con el fin de prestarte nuestros servicios.<\/p>\n<p class=\"\" data-start=\"1405\" data-end=\"1638\">Los datos personales que nos facilites a trav\u00e9s de los formularios de solicitud de empleo, as\u00ed como los incluidos en tu curr\u00edculum, se utilizar\u00e1n \u00fanicamente para que participes en los diferentes procesos de selecci\u00f3n que organicemos.<\/p>\n<p class=\"\" data-start=\"1640\" data-end=\"1768\">Tus datos tambi\u00e9n podr\u00e1n utilizarse para otros fines, como enviarte comunicaciones comerciales o promocionar nuestros servicios.<\/p>\n<hr class=\"\" data-start=\"1770\" data-end=\"1773\" \/>\n<h3 class=\"\" data-start=\"1775\" data-end=\"1815\">\u00bfPor qu\u00e9 necesitamos usar tus datos?<\/h3>\n<p class=\"\" data-start=\"1817\" data-end=\"2079\">Tus datos personales son necesarios para poder mantener una relaci\u00f3n contigo y prestarte nuestros servicios. Te proporcionaremos una serie de casillas para marcar que te permitir\u00e1n tomar decisiones de forma clara y sencilla sobre el uso que haremos de tus datos.<\/p>\n<hr class=\"\" data-start=\"2081\" data-end=\"2084\" \/>\n<h3 class=\"\" data-start=\"2086\" data-end=\"2146\">\u00bfCon qui\u00e9n compartiremos los datos que nos proporciones?<\/h3>\n<p class=\"\" data-start=\"2148\" data-end=\"2240\">En general, solo el personal autorizado podr\u00e1 acceder a los datos que nos has proporcionado.<\/p>\n<p class=\"\" data-start=\"2242\" data-end=\"2495\">Tambi\u00e9n podemos compartir tus datos con otras entidades cuando sea necesario para prestarte nuestros servicios. Por ejemplo, necesitaremos compartir tus datos con nuestro banco si pagas nuestros servicios con tarjeta de cr\u00e9dito o transferencia bancaria.<\/p>\n<p class=\"\" data-start=\"2497\" data-end=\"2778\">Igualmente, deberemos facilitar tus datos a entidades p\u00fablicas o privadas cuando estemos legalmente obligados a hacerlo. Por ejemplo, la normativa fiscal espa\u00f1ola nos exige proporcionar a la Agencia Tributaria informaci\u00f3n sobre transacciones econ\u00f3micas que superen cierta cantidad.<\/p>\n<p class=\"\" data-start=\"2780\" data-end=\"2967\">No obstante, si en otros casos necesitamos comunicar tus datos personales a otras entidades, te solicitaremos previamente tu permiso, ofreci\u00e9ndote opciones claras que te permitan decidir.<\/p>\n<hr class=\"\" data-start=\"2969\" data-end=\"2972\" \/>\n<h3 class=\"\" data-start=\"2974\" data-end=\"3005\">\u00bfC\u00f3mo protegemos tus datos?<\/h3>\n<p class=\"\" data-start=\"3007\" data-end=\"3133\">Protegemos tus datos mediante medidas de seguridad eficaces y proporcionales a los riesgos asociados al uso de tu informaci\u00f3n.<\/p>\n<p class=\"\" data-start=\"3135\" data-end=\"3306\">Hemos adoptado una Pol\u00edtica de Protecci\u00f3n de Datos y realizamos controles y auditor\u00edas anuales para asegurarnos de que tu informaci\u00f3n personal est\u00e1 segura en todo momento.<\/p>\n<hr class=\"\" data-start=\"3308\" data-end=\"3311\" \/>\n<h3 class=\"\" data-start=\"3313\" data-end=\"3358\">\u00bfTransmitiremos tus datos a otros pa\u00edses?<\/h3>\n<p class=\"\" data-start=\"3360\" data-end=\"3610\">Muchos pa\u00edses ofrecen una protecci\u00f3n segura de los datos, pero otros no. La Uni\u00f3n Europea, por ejemplo, es un entorno seguro para tus datos. Nuestra pol\u00edtica es no enviar tu informaci\u00f3n personal a ning\u00fan pa\u00eds que no garantice una protecci\u00f3n adecuada.<\/p>\n<p class=\"\" data-start=\"3612\" data-end=\"3840\">En el caso de que necesitemos enviar tus datos a un pa\u00eds menos seguro que Espa\u00f1a para prestarte nuestros servicios, siempre te pediremos autorizaci\u00f3n previa y aplicaremos medidas de seguridad eficaces para minimizar los riesgos.<\/p>\n<hr class=\"\" data-start=\"3842\" data-end=\"3845\" \/>\n<h3 class=\"\" data-start=\"3847\" data-end=\"3902\">\u00bfComunicaremos tus datos fuera de la Uni\u00f3n Europea?<\/h3>\n<p class=\"\" data-start=\"3904\" data-end=\"4204\">La informaci\u00f3n de los candidatos, cuando no est\u00e9 registrada para una posici\u00f3n espec\u00edfica, puede ser transferida y procesada en uno o m\u00e1s pa\u00edses fuera de la Uni\u00f3n Europea. Puedes consultar la lista completa de pa\u00edses en los que operamos en nuestro sitio web: <a class=\"\" href=\"http:\/\/www.martico.com\" target=\"_new\" rel=\"noopener\" data-start=\"4162\" data-end=\"4203\">www.martico.com<\/a>.<\/p>\n<p class=\"\" data-start=\"4206\" data-end=\"4327\">Solo transferiremos informaci\u00f3n de candidatos fuera de la UE cuando el candidato haya postulado a una oferta de ese pa\u00eds.<\/p>\n<hr class=\"\" data-start=\"4329\" data-end=\"4332\" \/>\n<h3 class=\"\" data-start=\"4334\" data-end=\"4385\">\u00bfDurante cu\u00e1nto tiempo conservaremos tus datos?<\/h3>\n<p class=\"\" data-start=\"4387\" data-end=\"4634\">Conservaremos tus datos durante el tiempo que dure nuestra relaci\u00f3n comercial, cumpliendo con la legislaci\u00f3n vigente. Una vez transcurrido el per\u00edodo legal de conservaci\u00f3n, destruiremos tus datos de forma segura y respetuosa con el medio ambiente.<\/p>\n<p class=\"\" data-start=\"4636\" data-end=\"4882\">Los datos personales proporcionados para la presentaci\u00f3n de solicitudes de empleo o participaci\u00f3n en procesos de selecci\u00f3n se conservar\u00e1n durante un a\u00f1o a partir de la fecha de presentaci\u00f3n. Al finalizar este plazo, se eliminar\u00e1n de forma segura.<\/p>\n<hr class=\"\" data-start=\"4884\" data-end=\"4887\" \/>\n<h3 class=\"\" data-start=\"4889\" data-end=\"4952\">\u00bfCu\u00e1les son tus derechos en materia de protecci\u00f3n de datos?<\/h3>\n<p class=\"\" data-start=\"4954\" data-end=\"5158\">Puedes contactarnos en cualquier momento para saber qu\u00e9 datos personales tenemos sobre ti, corregirlos si son inexactos o eliminarlos una vez finalice nuestra relaci\u00f3n, siempre que legalmente sea posible.<\/p>\n<p class=\"\" data-start=\"5160\" data-end=\"5303\">Tambi\u00e9n tienes derecho a solicitar la portabilidad de tus datos, es decir, que sean transmitidos a otras entidades en determinadas situaciones.<\/p>\n<p class=\"\" data-start=\"5305\" data-end=\"5453\">Si deseas ejercer alguno de estos derechos, env\u00edanos una solicitud por escrito, acompa\u00f1ada de una copia de tu DNI para poder verificar tu identidad.<\/p>\n<p class=\"\" data-start=\"5455\" data-end=\"5579\">Disponemos de formularios espec\u00edficos para el ejercicio de estos derechos y estaremos encantados de ayudarte a completarlos.<\/p>\n<p class=\"\" data-start=\"5581\" data-end=\"5731\">Para m\u00e1s informaci\u00f3n sobre tus derechos, puedes visitar el sitio web de la Agencia Espa\u00f1ola de Protecci\u00f3n de Datos: <a class=\"\" href=\"http:\/\/www.agpd.es\" target=\"_new\" rel=\"noopener\" data-start=\"5697\" data-end=\"5730\">www.agpd.es<\/a>.<\/p>\n<hr class=\"\" data-start=\"5733\" data-end=\"5736\" \/>\n<h3 class=\"\" data-start=\"5738\" data-end=\"5811\">\u00bfPuedes retirar tu consentimiento si cambias de opini\u00f3n m\u00e1s adelante?<\/h3>\n<p class=\"\" data-start=\"5813\" data-end=\"6139\">S\u00ed, puedes retirar tu consentimiento en cualquier momento si cambias de opini\u00f3n sobre el uso de tus datos.<br data-start=\"5919\" data-end=\"5922\" \/>Por ejemplo, si anteriormente quer\u00edas recibir comunicaciones comerciales sobre nuestros productos o servicios, pero ahora ya no, puedes comunic\u00e1rnoslo utilizando el formulario de retirada de consentimiento disponible.<\/p>\n<hr class=\"\" data-start=\"6141\" data-end=\"6144\" \/>\n<h3 class=\"\" data-start=\"6146\" data-end=\"6251\">En caso de que consideres que se han vulnerado tus derechos, \u00bfd\u00f3nde puedes presentar una reclamaci\u00f3n?<\/h3>\n<p class=\"\" data-start=\"6253\" data-end=\"6408\">Si no est\u00e1s satisfecho con la forma en que hemos gestionado tu solicitud, puedes presentar una reclamaci\u00f3n ante la Agencia Espa\u00f1ola de Protecci\u00f3n de Datos:<\/p>\n<p class=\"\" data-start=\"6410\" data-end=\"6614\"><strong data-start=\"6410\" data-end=\"6424\">Sitio web:<\/strong> <a class=\"\" href=\"http:\/\/www.agpd.es\" target=\"_new\" rel=\"noopener\" data-start=\"6425\" data-end=\"6458\">www.agpd.es<\/a><br data-start=\"6458\" data-end=\"6461\" \/><strong data-start=\"6461\" data-end=\"6475\">Direcci\u00f3n:<\/strong><br data-start=\"6475\" data-end=\"6478\" \/>Agencia Espa\u00f1ola de Protecci\u00f3n de Datos<br data-start=\"6517\" data-end=\"6520\" \/>C\/ Jorge Juan, 6<br data-start=\"6536\" data-end=\"6539\" \/>28001 Madrid<br data-start=\"6551\" data-end=\"6554\" \/>Espa\u00f1a<br data-start=\"6560\" data-end=\"6563\" \/><strong data-start=\"6563\" data-end=\"6577\">Tel\u00e9fonos:<\/strong> +34 901 100 099 \/ +34 91 266 35 17<\/p>\n<p class=\"\" data-start=\"6616\" data-end=\"6710\">Puedes presentar una reclamaci\u00f3n de forma gratuita y no necesitas contar con asistencia legal.<\/p>\n<hr class=\"\" data-start=\"6712\" data-end=\"6715\" \/>\n<h3 class=\"\" data-start=\"6717\" data-end=\"6748\">\u00bfCreamos perfiles sobre ti?<\/h3>\n<p class=\"\" data-start=\"6750\" data-end=\"6829\">Nuestra pol\u00edtica es no elaborar perfiles de los usuarios de nuestros servicios.<\/p>\n<p class=\"\" data-start=\"6831\" data-end=\"7074\">No obstante, puede haber situaciones en las que necesitemos elaborar perfiles para prestarte un servicio, comercial u otro. Por ejemplo, podr\u00edamos usar tu historial de compras o de servicios para ofrecerte productos o servicios personalizados.<\/p>\n<p class=\"\" data-start=\"7076\" data-end=\"7196\">En estos casos, aplicaremos medidas de seguridad eficaces para proteger tu informaci\u00f3n frente a personas no autorizadas.<\/p>\n<\/div>\n<\/div>\n","protected":false},"excerpt":{"rendered":"<p>Acerca de esta pol\u00edtica de cookies En Espa\u00f1a y el resto de Europa, existen normativas de protecci\u00f3n de datos dise\u00f1adas para proteger tu informaci\u00f3n personal, con las cuales, como empresa, debemos cumplir. Por eso, es importante para nosotros que entiendas claramente qu\u00e9 hacemos con los datos que te solicitamos. Seremos transparentes y nos aseguraremos de [&hellip;]<\/p>\n","protected":false},"author":2,"featured_media":0,"parent":0,"menu_order":0,"comment_status":"closed","ping_status":"closed","template":"","meta":{"inline_featured_image":false,"_monsterinsights_skip_tracking":false,"_monsterinsights_sitenote_active":false,"_monsterinsights_sitenote_note":"","_monsterinsights_sitenote_category":0,"footnotes":""},"class_list":["post-14880","page","type-page","status-publish","hentry"],"_links":{"self":[{"href":"https:\/\/martico.com\/spanish\/wp-json\/wp\/v2\/pages\/14880","targetHints":{"allow":["GET"]}}],"collection":[{"href":"https:\/\/martico.com\/spanish\/wp-json\/wp\/v2\/pages"}],"about":[{"href":"https:\/\/martico.com\/spanish\/wp-json\/wp\/v2\/types\/page"}],"author":[{"embeddable":true,"href":"https:\/\/martico.com\/spanish\/wp-json\/wp\/v2\/users\/2"}],"replies":[{"embeddable":true,"href":"https:\/\/martico.com\/spanish\/wp-json\/wp\/v2\/comments?post=14880"}],"version-history":[{"count":1,"href":"https:\/\/martico.com\/spanish\/wp-json\/wp\/v2\/pages\/14880\/revisions"}],"predecessor-version":[{"id":14881,"href":"https:\/\/martico.com\/spanish\/wp-json\/wp\/v2\/pages\/14880\/revisions\/14881"}],"wp:attachment":[{"href":"https:\/\/martico.com\/spanish\/wp-json\/wp\/v2\/media?parent=14880"}],"curies":[{"name":"wp","href":"https:\/\/api.w.org\/{rel}","templated":true}]}}