{"id":15043,"date":"2025-07-03T11:54:38","date_gmt":"2025-07-03T09:54:38","guid":{"rendered":"https:\/\/martico.com\/spanish\/?page_id=15043"},"modified":"2025-07-03T12:02:15","modified_gmt":"2025-07-03T10:02:15","slug":"politica-de-privacidad","status":"publish","type":"page","link":"https:\/\/martico.com\/spanish\/politica-de-privacidad\/","title":{"rendered":"POLITICA DE PRIVACIDAD"},"content":{"rendered":"<h1>Pol\u00edtica de Protecci\u00f3n de Datos<\/h1>\n<p>En Espa\u00f1a y en el resto de Europa, existen normativas de protecci\u00f3n de datos dise\u00f1adas para proteger tus datos personales, con las que, como empresa, debemos cumplir.<\/p>\n<p>Por eso es importante para nosotros que comprendas claramente qu\u00e9 hacemos con los datos que solicitamos.<\/p>\n<p>Seremos transparentes y te aseguraremos el control sobre tus datos, utilizando un lenguaje claro y opciones sencillas que te permitir\u00e1n decidir qu\u00e9 podemos hacer con tus datos personales.<\/p>\n<p>Si despu\u00e9s de leer esta informaci\u00f3n algo no te queda claro, por favor, no dudes en ponerte en contacto con nosotros.<\/p>\n<p><strong>Gracias por tu colaboraci\u00f3n.<\/strong><\/p>\n<h2>\u00bfQui\u00e9nes somos?<\/h2>\n<ul>\n<li><strong>Nombre de la empresa:<\/strong>\u00a0MARTICO VALENCIA, S.L<\/li>\n<li><strong>CIF\/NIF:<\/strong>\u00a0B46349494<\/li>\n<li><strong>Actividad principal:<\/strong>\u00a0Transitario<\/li>\n<li><strong>Direcci\u00f3n:<\/strong>\u00a0Paseo de la Alameda 34, 5\u00ba A, CP 46023, Valencia (Valencia\/Val\u00e8ncia)<\/li>\n<li><strong>Tel\u00e9fono:<\/strong>\u00a0963674013<\/li>\n<li><strong>Correo electr\u00f3nico:<\/strong>\u00a0<a href=\"mailto:rrhh@martico.com\">rrhh@martico.com<\/a><\/li>\n<li><strong>Sitio web:<\/strong>\u00a0<a href=\"http:\/\/martico.com\" target=\"_blank\" rel=\"noopener\">martico.com<\/a><\/li>\n<\/ul>\n<h2>\u00bfPor qu\u00e9 usamos tus datos?<\/h2>\n<p>En general, tus datos personales se utilizar\u00e1n para mantener una relaci\u00f3n contigo y poder prestarte nuestros servicios.<\/p>\n<p>Los datos personales que nos proporciones a trav\u00e9s de los formularios de solicitud de empleo, as\u00ed como los incluidos en tu CV, se utilizar\u00e1n \u00fanicamente para que puedas participar en los diferentes procesos de selecci\u00f3n que organicemos.<\/p>\n<p>Tus datos tambi\u00e9n podr\u00e1n usarse para otros fines, como enviarte comunicaciones comerciales o promocionar nuestros servicios.<\/p>\n<h2>\u00bfPor qu\u00e9 necesitamos utilizar tus datos?<\/h2>\n<p>Tus datos personales son necesarios para poder mantener una relaci\u00f3n contigo y prestarte nuestros servicios. Te ofreceremos una serie de casillas que te permitir\u00e1n decidir de forma clara y sencilla c\u00f3mo deseas que usemos tus datos.<\/p>\n<h2>\u00bfCon qui\u00e9n compartiremos los datos que nos proporciones?<\/h2>\n<p>En general, solo el personal autorizado de nuestra empresa podr\u00e1 acceder a los datos que nos hayas proporcionado.<\/p>\n<p>Tambi\u00e9n podemos comunicar tus datos personales a otras entidades cuando sea necesario para prestarte nuestros servicios (por ejemplo, a nuestro banco si pagas con tarjeta o transferencia).<\/p>\n<p>Estamos obligados por ley a facilitar tus datos a entidades p\u00fablicas o privadas cuando as\u00ed lo exija la normativa vigente.<\/p>\n<p>En cualquier otro caso, solicitaremos tu autorizaci\u00f3n antes de compartir tus datos con otras entidades.<\/p>\n<h2>\u00bfC\u00f3mo protegemos tus datos?<\/h2>\n<p>Protegemos tus datos mediante medidas de seguridad eficaces y proporcionales al riesgo. Contamos con una Pol\u00edtica de Protecci\u00f3n de Datos y realizamos auditor\u00edas anuales para garantizar su seguridad.<\/p>\n<h2>\u00bfTransmitiremos tus datos a otros pa\u00edses?<\/h2>\n<p>Nuestra pol\u00edtica es no enviar tus datos a pa\u00edses que no ofrezcan garant\u00edas suficientes. Si fuera necesario hacerlo, solicitar\u00edamos tu autorizaci\u00f3n y aplicar\u00edamos medidas de seguridad adicionales.<\/p>\n<h2>\u00bfComunicaremos tus datos personales fuera de la Uni\u00f3n Europea?<\/h2>\n<p>Solo transferiremos informaci\u00f3n fuera de la UE si el candidato ha postulado a una oferta en dicho pa\u00eds. Puedes consultar la lista de pa\u00edses donde operamos en\u00a0<a href=\"http:\/\/www.martico.com\" target=\"_blank\" rel=\"noopener\">www.martico.com<\/a>.<\/p>\n<h2>\u00bfDurante cu\u00e1nto tiempo conservaremos tus datos?<\/h2>\n<p>Conservaremos tus datos durante la vigencia de la relaci\u00f3n comercial y, posteriormente, por el tiempo exigido por la legislaci\u00f3n. Los datos de empleo se conservar\u00e1n durante un a\u00f1o desde su env\u00edo y luego ser\u00e1n eliminados de forma segura.<\/p>\n<h2>\u00bfCu\u00e1les son tus derechos en materia de protecci\u00f3n de datos?<\/h2>\n<p>Puedes acceder, rectificar o suprimir tus datos, as\u00ed como ejercer otros derechos como la portabilidad. Para ello, deber\u00e1s enviarnos una solicitud acompa\u00f1ada de copia de tu DNI.<\/p>\n<p>Disponemos de formularios para ayudarte en este proceso.<\/p>\n<p>M\u00e1s informaci\u00f3n en la\u00a0<a href=\"http:\/\/www.agpd.es\" target=\"_blank\" rel=\"noopener\">Agencia Espa\u00f1ola de Protecci\u00f3n de Datos<\/a>.<\/p>\n<h2>\u00bfPuedes retirar tu consentimiento si cambias de opini\u00f3n?<\/h2>\n<p>S\u00ed, puedes retirarlo en cualquier momento, por ejemplo, si ya no deseas recibir comunicaciones comerciales. Para ello, puedes usar el formulario de retirada de consentimiento disponible.<\/p>\n<h2>\u00bfD\u00f3nde puedes presentar una reclamaci\u00f3n si consideras que se han vulnerado tus derechos?<\/h2>\n<p>Puedes dirigirte a la Agencia Espa\u00f1ola de Protecci\u00f3n de Datos:<\/p>\n<ul>\n<li><strong>Web:<\/strong>\u00a0<a href=\"http:\/\/www.agpd.es\" target=\"_blank\" rel=\"noopener\">www.agpd.es<\/a><\/li>\n<li><strong>Direcci\u00f3n:<\/strong>\u00a0C\/ Jorge Juan, 6, 28001 Madrid, Espa\u00f1a<\/li>\n<li><strong>Tel\u00e9fono:<\/strong>\u00a0+34 901 100 099 \/ +34 91 266 35 17<\/li>\n<\/ul>\n<h2>\u00bfCreamos perfiles sobre ti?<\/h2>\n<p>Por norma, no creamos perfiles sobre nuestros usuarios. Solo en casos puntuales, para ofrecer servicios adaptados, podr\u00edamos hacerlo y siempre garantizando la protecci\u00f3n de tus datos.<\/p>\n<h2>\u00bfUtilizamos tus datos para otros fines?<\/h2>\n<p>No. Solo los usamos para los fines informados. Si surgiera otro uso, solicitar\u00edamos tu consentimiento previamente.<\/p>\n","protected":false},"excerpt":{"rendered":"<p>Pol\u00edtica de Protecci\u00f3n de Datos En Espa\u00f1a y en el resto de Europa, existen normativas de protecci\u00f3n de datos dise\u00f1adas para proteger tus datos personales, con las que, como empresa, debemos cumplir. Por eso es importante para nosotros que comprendas claramente qu\u00e9 hacemos con los datos que solicitamos. Seremos transparentes y te aseguraremos el control [&hellip;]<\/p>\n","protected":false},"author":2,"featured_media":0,"parent":0,"menu_order":0,"comment_status":"closed","ping_status":"closed","template":"","meta":{"inline_featured_image":false,"_monsterinsights_skip_tracking":false,"_monsterinsights_sitenote_active":false,"_monsterinsights_sitenote_note":"","_monsterinsights_sitenote_category":0,"footnotes":""},"class_list":["post-15043","page","type-page","status-publish","hentry"],"_links":{"self":[{"href":"https:\/\/martico.com\/spanish\/wp-json\/wp\/v2\/pages\/15043","targetHints":{"allow":["GET"]}}],"collection":[{"href":"https:\/\/martico.com\/spanish\/wp-json\/wp\/v2\/pages"}],"about":[{"href":"https:\/\/martico.com\/spanish\/wp-json\/wp\/v2\/types\/page"}],"author":[{"embeddable":true,"href":"https:\/\/martico.com\/spanish\/wp-json\/wp\/v2\/users\/2"}],"replies":[{"embeddable":true,"href":"https:\/\/martico.com\/spanish\/wp-json\/wp\/v2\/comments?post=15043"}],"version-history":[{"count":1,"href":"https:\/\/martico.com\/spanish\/wp-json\/wp\/v2\/pages\/15043\/revisions"}],"predecessor-version":[{"id":15044,"href":"https:\/\/martico.com\/spanish\/wp-json\/wp\/v2\/pages\/15043\/revisions\/15044"}],"wp:attachment":[{"href":"https:\/\/martico.com\/spanish\/wp-json\/wp\/v2\/media?parent=15043"}],"curies":[{"name":"wp","href":"https:\/\/api.w.org\/{rel}","templated":true}]}}