{"id":2207,"date":"2020-08-07T03:43:44","date_gmt":"2020-08-07T03:43:44","guid":{"rendered":"https:\/\/martico.info\/?page_id=2207"},"modified":"2020-08-07T04:18:46","modified_gmt":"2020-08-07T04:18:46","slug":"transporte-maritimo","status":"publish","type":"page","link":"https:\/\/martico.com\/spanish\/transporte-maritimo\/","title":{"rendered":"TRANSPORTE MAR\u00cdTIMO"},"content":{"rendered":"<div class=\"wpb-content-wrapper\"><p>[vc_row][vc_column][vc_empty_space][\/vc_column][\/vc_row][vc_row][vc_column width=&#8221;1\/2&#8243;][vc_column_text]<span style=\"font-family: arial, helvetica, sans-serif; font-size: 14pt; color: #000000;\">TRANSPORTE MAR\u00cdTIMO <\/span><\/p>\n<p><span style=\"font-family: arial, helvetica, sans-serif; font-size: 12pt; color: #000000;\">Somos especialistas en el transporte mar\u00edtimo en Valencia Espa\u00f1a de mercanc\u00edas refrigeradas (reefer solutions). Los m\u00e1s de 30 a\u00f1os de experiencia en el sector avalan los trabajos de MARTICO con contenedores refrigerados. Contamos con un equipo de profesionales a disposici\u00f3n de los clientes para atender y resolver cualquier reto que aparezca en el proceso de transporte de la carga. Trabajamos contenedores completos (FCL), ofreciendo una amplia gama de servicios refrigerados con equipos de \u00faltima tecnolog\u00eda en el transporte de carga refrigerada. Tenemos cobertura global, que asegura un servicio puerta a puerta. El valor a\u00f1adido de la compa\u00f1\u00eda radica en ofrecer al cliente un servicio que atiende los peque\u00f1os detalles y se anticipa a las eventualidades que puedan surgir. En ese sentido, el equipo de gesti\u00f3n de seguros y asesoramiento legal garantiza la tranquilidad que todo cliente debe tener al depositar el transporte de su carga en manos de nuestra compa\u00f1\u00eda. Confiar en MARTICO es apostar sobre seguro.<\/span>[\/vc_column_text][\/vc_column][vc_column width=&#8221;1\/2&#8243;][g5plus_services_creative services_bg_image=&#8221;519&#8243; item_height=&#8221;400&#8243; title=&#8221;Transporte Mar\u00edtimo&#8221; icon_font=&#8221;&#8221;][\/vc_column][\/vc_row][vc_row][vc_column][vc_empty_space][\/vc_column][\/vc_row]<\/p>\n<\/div>","protected":false},"excerpt":{"rendered":"<p>[vc_row][vc_column][vc_empty_space][\/vc_column][\/vc_row][vc_row][vc_column width=&#8221;1\/2&#8243;][vc_column_text]TRANSPORTE MAR\u00cdTIMO Somos especialistas en el transporte mar\u00edtimo en Valencia Espa\u00f1a de mercanc\u00edas refrigeradas (reefer solutions). Los m\u00e1s de 30 a\u00f1os de experiencia en el sector avalan los trabajos de MARTICO con contenedores refrigerados. Contamos con un equipo de profesionales a disposici\u00f3n de los clientes para atender y resolver cualquier reto que aparezca en [&hellip;]<\/p>\n","protected":false},"author":1,"featured_media":0,"parent":0,"menu_order":0,"comment_status":"closed","ping_status":"closed","template":"","meta":{"inline_featured_image":false,"_monsterinsights_skip_tracking":false,"_monsterinsights_sitenote_active":false,"_monsterinsights_sitenote_note":"","_monsterinsights_sitenote_category":0,"footnotes":""},"class_list":["post-2207","page","type-page","status-publish","hentry"],"_links":{"self":[{"href":"https:\/\/martico.com\/spanish\/wp-json\/wp\/v2\/pages\/2207","targetHints":{"allow":["GET"]}}],"collection":[{"href":"https:\/\/martico.com\/spanish\/wp-json\/wp\/v2\/pages"}],"about":[{"href":"https:\/\/martico.com\/spanish\/wp-json\/wp\/v2\/types\/page"}],"author":[{"embeddable":true,"href":"https:\/\/martico.com\/spanish\/wp-json\/wp\/v2\/users\/1"}],"replies":[{"embeddable":true,"href":"https:\/\/martico.com\/spanish\/wp-json\/wp\/v2\/comments?post=2207"}],"version-history":[{"count":0,"href":"https:\/\/martico.com\/spanish\/wp-json\/wp\/v2\/pages\/2207\/revisions"}],"wp:attachment":[{"href":"https:\/\/martico.com\/spanish\/wp-json\/wp\/v2\/media?parent=2207"}],"curies":[{"name":"wp","href":"https:\/\/api.w.org\/{rel}","templated":true}]}}